{"id":10887,"date":"2025-12-25T18:04:52","date_gmt":"2025-12-25T18:04:52","guid":{"rendered":"https:\/\/mecal.net\/products\/sem categoria\/p040\/"},"modified":"2025-12-25T18:04:52","modified_gmt":"2025-12-25T18:04:52","slug":"p040","status":"publish","type":"product","link":"https:\/\/mecal.net\/pt-br\/products\/maquinas-de-crimpagem\/p040\/","title":{"rendered":"P040"},"content":{"rendered":"<div class=\"wpb-content-wrapper\"><p>[vc_row css_animation=&#8221;&#8221; row_type=&#8221;row&#8221; use_row_as_full_screen_section=&#8221;no&#8221; type=&#8221;full_width&#8221; angled_section=&#8221;no&#8221; text_align=&#8221;left&#8221; background_image_as_pattern=&#8221;without_pattern&#8221;][vc_column][vc_column_text css=&#8221;&#8221;]<\/p>\n<table border=\"1\" cellspacing=\"0\" cellpadding=\"0\">\n<tbody>\n<tr>\n<td><strong>Forza<\/strong><\/td>\n<td>40kN (8992 lbf)<\/td>\n<\/tr>\n<tr>\n<td><strong>Altezza di lavoro<\/strong><\/td>\n<td>135.8 \u00b10.02 mm (5.35 in) Applicatori<br \/>\n212 \u00b10.02 mm (8.35 in) Stampi<\/td>\n<\/tr>\n<tr>\n<td><strong>Corsa<\/strong><\/td>\n<td>25 \/ 30 \/ 35 \/ 40 mm<br \/>\n(0.98 \/ 1.18 \/ 1.38 \/ 1.57 in)<\/td>\n<\/tr>\n<tr>\n<td><strong>Potenza<\/strong><\/td>\n<td>1.87 kW (2.5 hp)<\/td>\n<\/tr>\n<tr>\n<td><strong>Alimentazione<\/strong><\/td>\n<td>3&#215;230 \u2013 3&#215;400 V<\/td>\n<\/tr>\n<tr>\n<td><strong>Voltaggio<\/strong><\/td>\n<td>230 \u2013 400 Vac<\/td>\n<\/tr>\n<tr>\n<td><strong>Frequenza<\/strong><\/td>\n<td>50 \u2013 60 Hz<\/td>\n<\/tr>\n<tr>\n<td><strong>Certificazione<\/strong><\/td>\n<td>CE<\/td>\n<\/tr>\n<\/tbody>\n<\/table>\n<p>[\/vc_column_text][vc_empty_space][vc_column_text css=&#8221;&#8221;]<\/p>\n<h6 class=\"title-holder clearfix description_tab ui-accordion-header-active ui-state-active ui-accordion-header ui-helper-reset ui-state-default ui-corner-top ui-corner-bottom\"><span class=\"tab-title\">Descrizione<\/span><\/h6>\n<p>[\/vc_column_text][vc_empty_space height=&#8221;10px&#8221;][vc_column_text css=&#8221;&#8221;]P040 \u00e8 progettata per le applicazioni pi\u00f9 impegnative. Potente e precisa, garantisce aggraffature di alta qualit\u00e0 anche su terminali di grandi dimensioni. Disponibile in versione manuale o automatica, assicura sicurezza e ottima visibilit\u00e0 delle operazioni. La possibilit\u00e0 di personalizzazione e l\u2019ampia gamma di accessori la rendono affidabile e facilmente integrabile in diverse configurazioni produttive.[\/vc_column_text][\/vc_column][\/vc_row]<\/p>\n<\/div>","protected":false},"excerpt":{"rendered":"<p>[button size=\"medium\" icon_pack=\"font_awesome_5\" font_awesome_5=\"fa fa-file-pdf\" target=\"_blank\" hover_type=\"default\" text=\"Scheda tecnica\" link=\"https:\/\/doc.mecal.net\/public\/Scheda tecnica P040_IT.pdf\"][vc_column_text css=&#8221;&#8221;]<\/p>\n","protected":false},"featured_media":10889,"template":"","meta":[],"product_brand":[],"product_cat":[124],"product_tag":[],"class_list":{"0":"post-10887","1":"product","2":"type-product","3":"status-publish","4":"has-post-thumbnail","6":"product_cat-maquinas-de-crimpagem","8":"first","9":"instock","10":"shipping-taxable","11":"product-type-simple"},"yoast_head":"<!-- This site is optimized with the Yoast SEO plugin v26.1.1 - https:\/\/yoast.com\/wordpress\/plugins\/seo\/ -->\n<title>P040 - Mecal<\/title>\n<meta name=\"robots\" content=\"index, follow, max-snippet:-1, max-image-preview:large, max-video-preview:-1\" \/>\n<link rel=\"canonical\" href=\"https:\/\/mecal.net\/pt-br\/products\/maquinas-de-crimpagem\/p040\/\" \/>\n<meta property=\"og:locale\" content=\"pt_BR\" \/>\n<meta property=\"og:type\" content=\"article\" \/>\n<meta property=\"og:title\" content=\"P040 - Mecal\" \/>\n<meta property=\"og:description\" content=\"[vc_column_text css=&quot;&quot;]\" \/>\n<meta property=\"og:url\" content=\"https:\/\/mecal.net\/pt-br\/products\/maquinas-de-crimpagem\/p040\/\" \/>\n<meta property=\"og:site_name\" content=\"Mecal\" \/>\n<meta name=\"twitter:card\" content=\"summary_large_image\" \/>\n<meta name=\"twitter:label1\" content=\"Est. tempo de leitura\" \/>\n\t<meta name=\"twitter:data1\" content=\"1 minuto\" \/>\n<script type=\"application\/ld+json\" class=\"yoast-schema-graph\">{\"@context\":\"https:\/\/schema.org\",\"@graph\":[{\"@type\":\"WebPage\",\"@id\":\"https:\/\/mecal.net\/pt-br\/products\/maquinas-de-crimpagem\/p040\/\",\"url\":\"https:\/\/mecal.net\/pt-br\/products\/maquinas-de-crimpagem\/p040\/\",\"name\":\"P040 - Mecal\",\"isPartOf\":{\"@id\":\"https:\/\/mecal.net\/pt-br\/#website\"},\"primaryImageOfPage\":{\"@id\":\"https:\/\/mecal.net\/pt-br\/products\/maquinas-de-crimpagem\/p040\/#primaryimage\"},\"image\":{\"@id\":\"https:\/\/mecal.net\/pt-br\/products\/maquinas-de-crimpagem\/p040\/#primaryimage\"},\"thumbnailUrl\":\"https:\/\/mecal.net\/wp-content\/uploads\/2025\/12\/P040-00.jpg\",\"datePublished\":\"2025-12-25T18:04:52+00:00\",\"breadcrumb\":{\"@id\":\"https:\/\/mecal.net\/pt-br\/products\/maquinas-de-crimpagem\/p040\/#breadcrumb\"},\"inLanguage\":\"pt-BR\",\"potentialAction\":[{\"@type\":\"ReadAction\",\"target\":[\"https:\/\/mecal.net\/pt-br\/products\/maquinas-de-crimpagem\/p040\/\"]}]},{\"@type\":\"ImageObject\",\"inLanguage\":\"pt-BR\",\"@id\":\"https:\/\/mecal.net\/pt-br\/products\/maquinas-de-crimpagem\/p040\/#primaryimage\",\"url\":\"https:\/\/mecal.net\/wp-content\/uploads\/2025\/12\/P040-00.jpg\",\"contentUrl\":\"https:\/\/mecal.net\/wp-content\/uploads\/2025\/12\/P040-00.jpg\",\"width\":1200,\"height\":1200,\"caption\":\"P040 Carter basculante con CDA10\"},{\"@type\":\"BreadcrumbList\",\"@id\":\"https:\/\/mecal.net\/pt-br\/products\/maquinas-de-crimpagem\/p040\/#breadcrumb\",\"itemListElement\":[{\"@type\":\"ListItem\",\"position\":1,\"name\":\"Home\",\"item\":\"https:\/\/mecal.net\/pt-br\/\"},{\"@type\":\"ListItem\",\"position\":2,\"name\":\"Produtos\",\"item\":\"https:\/\/mecal.net\/pt-br\/produtos\/\"},{\"@type\":\"ListItem\",\"position\":3,\"name\":\"P040\"}]},{\"@type\":\"WebSite\",\"@id\":\"https:\/\/mecal.net\/pt-br\/#website\",\"url\":\"https:\/\/mecal.net\/pt-br\/\",\"name\":\"Mecal\",\"description\":\"\",\"potentialAction\":[{\"@type\":\"SearchAction\",\"target\":{\"@type\":\"EntryPoint\",\"urlTemplate\":\"https:\/\/mecal.net\/pt-br\/?s={search_term_string}\"},\"query-input\":{\"@type\":\"PropertyValueSpecification\",\"valueRequired\":true,\"valueName\":\"search_term_string\"}}],\"inLanguage\":\"pt-BR\"}]}<\/script>\n<!-- \/ Yoast SEO plugin. -->","yoast_head_json":{"title":"P040 - Mecal","robots":{"index":"index","follow":"follow","max-snippet":"max-snippet:-1","max-image-preview":"max-image-preview:large","max-video-preview":"max-video-preview:-1"},"canonical":"https:\/\/mecal.net\/pt-br\/products\/maquinas-de-crimpagem\/p040\/","og_locale":"pt_BR","og_type":"article","og_title":"P040 - Mecal","og_description":"[vc_column_text css=\"\"]","og_url":"https:\/\/mecal.net\/pt-br\/products\/maquinas-de-crimpagem\/p040\/","og_site_name":"Mecal","twitter_card":"summary_large_image","twitter_misc":{"Est. tempo de leitura":"1 minuto"},"schema":{"@context":"https:\/\/schema.org","@graph":[{"@type":"WebPage","@id":"https:\/\/mecal.net\/pt-br\/products\/maquinas-de-crimpagem\/p040\/","url":"https:\/\/mecal.net\/pt-br\/products\/maquinas-de-crimpagem\/p040\/","name":"P040 - Mecal","isPartOf":{"@id":"https:\/\/mecal.net\/pt-br\/#website"},"primaryImageOfPage":{"@id":"https:\/\/mecal.net\/pt-br\/products\/maquinas-de-crimpagem\/p040\/#primaryimage"},"image":{"@id":"https:\/\/mecal.net\/pt-br\/products\/maquinas-de-crimpagem\/p040\/#primaryimage"},"thumbnailUrl":"https:\/\/mecal.net\/wp-content\/uploads\/2025\/12\/P040-00.jpg","datePublished":"2025-12-25T18:04:52+00:00","breadcrumb":{"@id":"https:\/\/mecal.net\/pt-br\/products\/maquinas-de-crimpagem\/p040\/#breadcrumb"},"inLanguage":"pt-BR","potentialAction":[{"@type":"ReadAction","target":["https:\/\/mecal.net\/pt-br\/products\/maquinas-de-crimpagem\/p040\/"]}]},{"@type":"ImageObject","inLanguage":"pt-BR","@id":"https:\/\/mecal.net\/pt-br\/products\/maquinas-de-crimpagem\/p040\/#primaryimage","url":"https:\/\/mecal.net\/wp-content\/uploads\/2025\/12\/P040-00.jpg","contentUrl":"https:\/\/mecal.net\/wp-content\/uploads\/2025\/12\/P040-00.jpg","width":1200,"height":1200,"caption":"P040 Carter basculante con CDA10"},{"@type":"BreadcrumbList","@id":"https:\/\/mecal.net\/pt-br\/products\/maquinas-de-crimpagem\/p040\/#breadcrumb","itemListElement":[{"@type":"ListItem","position":1,"name":"Home","item":"https:\/\/mecal.net\/pt-br\/"},{"@type":"ListItem","position":2,"name":"Produtos","item":"https:\/\/mecal.net\/pt-br\/produtos\/"},{"@type":"ListItem","position":3,"name":"P040"}]},{"@type":"WebSite","@id":"https:\/\/mecal.net\/pt-br\/#website","url":"https:\/\/mecal.net\/pt-br\/","name":"Mecal","description":"","potentialAction":[{"@type":"SearchAction","target":{"@type":"EntryPoint","urlTemplate":"https:\/\/mecal.net\/pt-br\/?s={search_term_string}"},"query-input":{"@type":"PropertyValueSpecification","valueRequired":true,"valueName":"search_term_string"}}],"inLanguage":"pt-BR"}]}},"_links":{"self":[{"href":"https:\/\/mecal.net\/pt-br\/wp-json\/wp\/v2\/product\/10887","targetHints":{"allow":["GET"]}}],"collection":[{"href":"https:\/\/mecal.net\/pt-br\/wp-json\/wp\/v2\/product"}],"about":[{"href":"https:\/\/mecal.net\/pt-br\/wp-json\/wp\/v2\/types\/product"}],"wp:featuredmedia":[{"embeddable":true,"href":"https:\/\/mecal.net\/pt-br\/wp-json\/wp\/v2\/media\/10889"}],"wp:attachment":[{"href":"https:\/\/mecal.net\/pt-br\/wp-json\/wp\/v2\/media?parent=10887"}],"wp:term":[{"taxonomy":"product_brand","embeddable":true,"href":"https:\/\/mecal.net\/pt-br\/wp-json\/wp\/v2\/product_brand?post=10887"},{"taxonomy":"product_cat","embeddable":true,"href":"https:\/\/mecal.net\/pt-br\/wp-json\/wp\/v2\/product_cat?post=10887"},{"taxonomy":"product_tag","embeddable":true,"href":"https:\/\/mecal.net\/pt-br\/wp-json\/wp\/v2\/product_tag?post=10887"}],"curies":[{"name":"wp","href":"https:\/\/api.w.org\/{rel}","templated":true}]}}