{"id":10861,"date":"2025-12-10T05:40:32","date_gmt":"2025-12-10T05:40:32","guid":{"rendered":"https:\/\/mecal.net\/products\/sem categoria\/tt\/"},"modified":"2025-12-10T05:40:32","modified_gmt":"2025-12-10T05:40:32","slug":"tt","status":"publish","type":"product","link":"https:\/\/mecal.net\/pt-br\/products\/maquinas-de-crimpagem\/tt\/","title":{"rendered":"TT"},"content":{"rendered":"<div class=\"wpb-content-wrapper\"><p>[vc_row css_animation=&#8221;&#8221; row_type=&#8221;row&#8221; use_row_as_full_screen_section=&#8221;no&#8221; type=&#8221;full_width&#8221; angled_section=&#8221;no&#8221; text_align=&#8221;left&#8221; background_image_as_pattern=&#8221;without_pattern&#8221;][vc_column][vc_column_text css=&#8221;&#8221;]<\/p>\n<table border=\"1\" cellspacing=\"0\" cellpadding=\"0\">\n<tbody>\n<tr>\n<td><strong>Forza<\/strong><\/td>\n<td>15kN (3372 lbf)<\/td>\n<\/tr>\n<tr>\n<td><strong>Altezza di lavoro<\/strong><\/td>\n<td>135.8 \u00b10.02 mm (5.35 in)<\/td>\n<\/tr>\n<tr>\n<td><strong>Corsa<\/strong><\/td>\n<td>30 \/ 40 mm (1.18 \/ 1.57 in)<\/td>\n<\/tr>\n<tr>\n<td><strong>Potenza<\/strong><\/td>\n<td>0.55 kW (0.75 hp) monofase<br \/>\n0.75 kW (1 hp) trifase<\/td>\n<\/tr>\n<tr>\n<td><strong>Alimentazione<\/strong><\/td>\n<td>1&#215;110 \u2013 1&#215;230 \u2013 3&#215;230 \u2013 3&#215;400 V<\/td>\n<\/tr>\n<tr>\n<td><strong>Voltaggio<\/strong><\/td>\n<td>110 \u2013 230 \u2013 400 Vac<\/td>\n<\/tr>\n<tr>\n<td><strong>Frequenza<\/strong><\/td>\n<td>50 \u2013 60 Hz<\/td>\n<\/tr>\n<tr>\n<td><strong>Certificazione<\/strong><\/td>\n<td>CE<\/td>\n<\/tr>\n<\/tbody>\n<\/table>\n<p>[\/vc_column_text][vc_empty_space][vc_column_text css=&#8221;&#8221;]<\/p>\n<h6 class=\"title-holder clearfix description_tab ui-accordion-header-active ui-state-active ui-accordion-header ui-helper-reset ui-state-default ui-corner-top ui-corner-bottom\"><span class=\"tab-title\">Descrizione<\/span><\/h6>\n<p>[\/vc_column_text][vc_empty_space height=&#8221;10px&#8221;][vc_column_text css=&#8221;&#8221;]<span style=\"font-weight: 400;\">TT \u00e8 l\u2019aggraffatrice ideale per chi cerca affidabilit\u00e0 e semplicit\u00e0 in produzione. Garantisce aggraffature precise e costanti su terminali elettrici anche nei cicli pi\u00f9 intensivi. Compatta e robusta, si integra facilmente in linee automatiche o postazioni manuali, offrendo sicurezza e ottima visibilit\u00e0. La sua versatilit\u00e0 permette personalizzazioni e l\u2019uso di numerosi accessori, adattandosi alle diverse esigenze produttive.<\/span>[\/vc_column_text][\/vc_column][\/vc_row]<\/p>\n<\/div>","protected":false},"excerpt":{"rendered":"<p>[button size=\"medium\" icon_pack=\"font_awesome_5\" font_awesome_5=\"fa fa-file-pdf\" target=\"_blank\" hover_type=\"default\" text=\"Scheda tecnica\" link=\"https:\/\/doc.mecal.net\/public\/Scheda tecnica TT_IT.pdf\"][vc_column_text css=&#8221;&#8221;]<\/p>\n","protected":false},"featured_media":10863,"template":"","meta":[],"product_brand":[],"product_cat":[124],"product_tag":[],"class_list":{"0":"post-10861","1":"product","2":"type-product","3":"status-publish","4":"has-post-thumbnail","6":"product_cat-maquinas-de-crimpagem","8":"first","9":"instock","10":"shipping-taxable","11":"product-type-simple"},"yoast_head":"<!-- This site is optimized with the Yoast SEO plugin v26.1.1 - https:\/\/yoast.com\/wordpress\/plugins\/seo\/ -->\n<title>TT - Mecal<\/title>\n<meta name=\"robots\" content=\"index, follow, max-snippet:-1, max-image-preview:large, max-video-preview:-1\" \/>\n<link rel=\"canonical\" href=\"https:\/\/mecal.net\/pt-br\/products\/maquinas-de-crimpagem\/tt\/\" \/>\n<meta property=\"og:locale\" content=\"pt_BR\" \/>\n<meta property=\"og:type\" content=\"article\" \/>\n<meta property=\"og:title\" content=\"TT - Mecal\" \/>\n<meta property=\"og:description\" content=\"[vc_column_text css=&quot;&quot;]\" \/>\n<meta property=\"og:url\" content=\"https:\/\/mecal.net\/pt-br\/products\/maquinas-de-crimpagem\/tt\/\" \/>\n<meta property=\"og:site_name\" content=\"Mecal\" \/>\n<meta name=\"twitter:card\" content=\"summary_large_image\" \/>\n<meta name=\"twitter:label1\" content=\"Est. tempo de leitura\" \/>\n\t<meta name=\"twitter:data1\" content=\"1 minuto\" \/>\n<script type=\"application\/ld+json\" class=\"yoast-schema-graph\">{\"@context\":\"https:\/\/schema.org\",\"@graph\":[{\"@type\":\"WebPage\",\"@id\":\"https:\/\/mecal.net\/pt-br\/products\/maquinas-de-crimpagem\/tt\/\",\"url\":\"https:\/\/mecal.net\/pt-br\/products\/maquinas-de-crimpagem\/tt\/\",\"name\":\"TT - Mecal\",\"isPartOf\":{\"@id\":\"https:\/\/mecal.net\/pt-br\/#website\"},\"primaryImageOfPage\":{\"@id\":\"https:\/\/mecal.net\/pt-br\/products\/maquinas-de-crimpagem\/tt\/#primaryimage\"},\"image\":{\"@id\":\"https:\/\/mecal.net\/pt-br\/products\/maquinas-de-crimpagem\/tt\/#primaryimage\"},\"thumbnailUrl\":\"https:\/\/mecal.net\/wp-content\/uploads\/2025\/12\/tt0.jpg\",\"datePublished\":\"2025-12-10T05:40:32+00:00\",\"breadcrumb\":{\"@id\":\"https:\/\/mecal.net\/pt-br\/products\/maquinas-de-crimpagem\/tt\/#breadcrumb\"},\"inLanguage\":\"pt-BR\",\"potentialAction\":[{\"@type\":\"ReadAction\",\"target\":[\"https:\/\/mecal.net\/pt-br\/products\/maquinas-de-crimpagem\/tt\/\"]}]},{\"@type\":\"ImageObject\",\"inLanguage\":\"pt-BR\",\"@id\":\"https:\/\/mecal.net\/pt-br\/products\/maquinas-de-crimpagem\/tt\/#primaryimage\",\"url\":\"https:\/\/mecal.net\/wp-content\/uploads\/2025\/12\/tt0.jpg\",\"contentUrl\":\"https:\/\/mecal.net\/wp-content\/uploads\/2025\/12\/tt0.jpg\",\"width\":1151,\"height\":1151,\"caption\":\"TT Carter standard con CDA10\"},{\"@type\":\"BreadcrumbList\",\"@id\":\"https:\/\/mecal.net\/pt-br\/products\/maquinas-de-crimpagem\/tt\/#breadcrumb\",\"itemListElement\":[{\"@type\":\"ListItem\",\"position\":1,\"name\":\"Home\",\"item\":\"https:\/\/mecal.net\/pt-br\/\"},{\"@type\":\"ListItem\",\"position\":2,\"name\":\"Produtos\",\"item\":\"https:\/\/mecal.net\/pt-br\/produtos\/\"},{\"@type\":\"ListItem\",\"position\":3,\"name\":\"TT\"}]},{\"@type\":\"WebSite\",\"@id\":\"https:\/\/mecal.net\/pt-br\/#website\",\"url\":\"https:\/\/mecal.net\/pt-br\/\",\"name\":\"Mecal\",\"description\":\"\",\"potentialAction\":[{\"@type\":\"SearchAction\",\"target\":{\"@type\":\"EntryPoint\",\"urlTemplate\":\"https:\/\/mecal.net\/pt-br\/?s={search_term_string}\"},\"query-input\":{\"@type\":\"PropertyValueSpecification\",\"valueRequired\":true,\"valueName\":\"search_term_string\"}}],\"inLanguage\":\"pt-BR\"}]}<\/script>\n<!-- \/ Yoast SEO plugin. -->","yoast_head_json":{"title":"TT - Mecal","robots":{"index":"index","follow":"follow","max-snippet":"max-snippet:-1","max-image-preview":"max-image-preview:large","max-video-preview":"max-video-preview:-1"},"canonical":"https:\/\/mecal.net\/pt-br\/products\/maquinas-de-crimpagem\/tt\/","og_locale":"pt_BR","og_type":"article","og_title":"TT - Mecal","og_description":"[vc_column_text css=\"\"]","og_url":"https:\/\/mecal.net\/pt-br\/products\/maquinas-de-crimpagem\/tt\/","og_site_name":"Mecal","twitter_card":"summary_large_image","twitter_misc":{"Est. tempo de leitura":"1 minuto"},"schema":{"@context":"https:\/\/schema.org","@graph":[{"@type":"WebPage","@id":"https:\/\/mecal.net\/pt-br\/products\/maquinas-de-crimpagem\/tt\/","url":"https:\/\/mecal.net\/pt-br\/products\/maquinas-de-crimpagem\/tt\/","name":"TT - Mecal","isPartOf":{"@id":"https:\/\/mecal.net\/pt-br\/#website"},"primaryImageOfPage":{"@id":"https:\/\/mecal.net\/pt-br\/products\/maquinas-de-crimpagem\/tt\/#primaryimage"},"image":{"@id":"https:\/\/mecal.net\/pt-br\/products\/maquinas-de-crimpagem\/tt\/#primaryimage"},"thumbnailUrl":"https:\/\/mecal.net\/wp-content\/uploads\/2025\/12\/tt0.jpg","datePublished":"2025-12-10T05:40:32+00:00","breadcrumb":{"@id":"https:\/\/mecal.net\/pt-br\/products\/maquinas-de-crimpagem\/tt\/#breadcrumb"},"inLanguage":"pt-BR","potentialAction":[{"@type":"ReadAction","target":["https:\/\/mecal.net\/pt-br\/products\/maquinas-de-crimpagem\/tt\/"]}]},{"@type":"ImageObject","inLanguage":"pt-BR","@id":"https:\/\/mecal.net\/pt-br\/products\/maquinas-de-crimpagem\/tt\/#primaryimage","url":"https:\/\/mecal.net\/wp-content\/uploads\/2025\/12\/tt0.jpg","contentUrl":"https:\/\/mecal.net\/wp-content\/uploads\/2025\/12\/tt0.jpg","width":1151,"height":1151,"caption":"TT Carter standard con CDA10"},{"@type":"BreadcrumbList","@id":"https:\/\/mecal.net\/pt-br\/products\/maquinas-de-crimpagem\/tt\/#breadcrumb","itemListElement":[{"@type":"ListItem","position":1,"name":"Home","item":"https:\/\/mecal.net\/pt-br\/"},{"@type":"ListItem","position":2,"name":"Produtos","item":"https:\/\/mecal.net\/pt-br\/produtos\/"},{"@type":"ListItem","position":3,"name":"TT"}]},{"@type":"WebSite","@id":"https:\/\/mecal.net\/pt-br\/#website","url":"https:\/\/mecal.net\/pt-br\/","name":"Mecal","description":"","potentialAction":[{"@type":"SearchAction","target":{"@type":"EntryPoint","urlTemplate":"https:\/\/mecal.net\/pt-br\/?s={search_term_string}"},"query-input":{"@type":"PropertyValueSpecification","valueRequired":true,"valueName":"search_term_string"}}],"inLanguage":"pt-BR"}]}},"_links":{"self":[{"href":"https:\/\/mecal.net\/pt-br\/wp-json\/wp\/v2\/product\/10861","targetHints":{"allow":["GET"]}}],"collection":[{"href":"https:\/\/mecal.net\/pt-br\/wp-json\/wp\/v2\/product"}],"about":[{"href":"https:\/\/mecal.net\/pt-br\/wp-json\/wp\/v2\/types\/product"}],"wp:featuredmedia":[{"embeddable":true,"href":"https:\/\/mecal.net\/pt-br\/wp-json\/wp\/v2\/media\/10863"}],"wp:attachment":[{"href":"https:\/\/mecal.net\/pt-br\/wp-json\/wp\/v2\/media?parent=10861"}],"wp:term":[{"taxonomy":"product_brand","embeddable":true,"href":"https:\/\/mecal.net\/pt-br\/wp-json\/wp\/v2\/product_brand?post=10861"},{"taxonomy":"product_cat","embeddable":true,"href":"https:\/\/mecal.net\/pt-br\/wp-json\/wp\/v2\/product_cat?post=10861"},{"taxonomy":"product_tag","embeddable":true,"href":"https:\/\/mecal.net\/pt-br\/wp-json\/wp\/v2\/product_tag?post=10861"}],"curies":[{"name":"wp","href":"https:\/\/api.w.org\/{rel}","templated":true}]}}