{"id":10908,"date":"2025-12-25T18:23:58","date_gmt":"2025-12-25T18:23:58","guid":{"rendered":"https:\/\/mecal.net\/products\/sin%20categor\u00eda\/p120\/"},"modified":"2026-05-13T08:33:22","modified_gmt":"2026-05-13T08:33:22","slug":"p120","status":"publish","type":"product","link":"https:\/\/mecal.net\/es\/products\/maquinas-de-crimpado\/p120\/","title":{"rendered":"P120"},"content":{"rendered":"<div class=\"wpb-content-wrapper\"><p>[vc_row css_animation=\u00bb\u00bb row_type=\u00bbrow\u00bb use_row_as_full_screen_section=\u00bbno\u00bb type=\u00bbfull_width\u00bb angled_section=\u00bbno\u00bb text_align=\u00bbleft\u00bb background_image_as_pattern=\u00bbwithout_pattern\u00bb][vc_column][vc_column_text css=\u00bb\u00bb]<\/p>\n<table border=\"1\" cellspacing=\"0\" cellpadding=\"0\">\n<tbody>\n<tr>\n<td><strong>Fuerza<\/strong><\/td>\n<td>120kN (26977 lbf)<\/td>\n<\/tr>\n<tr>\n<td><strong>Altura de trabajo<\/strong><\/td>\n<td>135.8 \u00b10.02 mm (5.35 in) Aplicadores<br \/>\n212 \u00b10.02 mm (8.35 in) Troqueles<\/td>\n<\/tr>\n<tr>\n<td><strong>Carrera<\/strong><\/td>\n<td>30 \/ 35 \/ 40 \/ 50 mm<br \/>\n(1.18 \/ 1.38 \/ 1.57 \/ 1.97 in)<\/td>\n<\/tr>\n<tr>\n<td><strong>Potencia<\/strong><\/td>\n<td>4.2 kW (5.5 hp)<\/td>\n<\/tr>\n<tr>\n<td><strong>Alimentaci\u00f3n<\/strong><\/td>\n<td>3&#215;230 \u2013 3&#215;400 V<\/td>\n<\/tr>\n<tr>\n<td><strong>Voltaje<\/strong><\/td>\n<td>230 \u2013 400 Vac<\/td>\n<\/tr>\n<tr>\n<td><strong>Frecuencia<\/strong><\/td>\n<td>50 \u2013 60 Hz<\/td>\n<\/tr>\n<tr>\n<td><strong>Certificaci\u00f3n<\/strong><\/td>\n<td>CE<\/td>\n<\/tr>\n<\/tbody>\n<\/table>\n<p>[\/vc_column_text][vc_empty_space][vc_column_text css=\u00bb\u00bb]<\/p>\n<h6 class=\"title-holder clearfix description_tab ui-accordion-header-active ui-state-active ui-accordion-header ui-helper-reset ui-state-default ui-corner-top ui-corner-bottom\"><span class=\"tab-title\">Descripci\u00f3n<\/span><\/h6>\n<p>[\/vc_column_text][vc_empty_space height=\u00bb10px\u00bb][vc_column_text css=\u00bb\u00bb]P120 era una m\u00e1quina de crimpado potente y vers\u00e1til, dise\u00f1ada para garantizar crimpados precisos en terminales de gran tama\u00f1o. Robusta y compacta, ofrec\u00eda versiones manuales y autom\u00e1ticas con resguardo de protecci\u00f3n y excelente visibilidad. Sustituida por P150i, que hereda su fiabilidad y versatilidad, mejorando las prestaciones con tecnolog\u00eda de inversor y control avanzado mediante pantalla integrada.[\/vc_column_text][\/vc_column][\/vc_row]<\/p>\n<\/div>","protected":false},"excerpt":{"rendered":"<p>[button size=\"medium\" icon_pack=\"font_awesome_5\" font_awesome_5=\"fa fa-file-pdf\" target=\"_blank\" hover_type=\"default\" text=\"Scheda tecnica\" link=\"https:\/\/doc.mecal.net\/public\/Ficha t\u00e9cnica P120_ES.pdf\"][vc_column_text css=\u00bb\u00bb]<\/p>\n","protected":false},"featured_media":11182,"template":"","meta":[],"product_brand":[],"product_cat":[111],"product_tag":[],"class_list":{"0":"post-10908","1":"product","2":"type-product","3":"status-publish","4":"has-post-thumbnail","6":"product_cat-maquinas-de-crimpado","8":"first","9":"outofstock","10":"shipping-taxable","11":"purchasable","12":"product-type-simple"},"yoast_head":"<!-- This site is optimized with the Yoast SEO plugin v26.1.1 - https:\/\/yoast.com\/wordpress\/plugins\/seo\/ -->\n<title>P120 - Mecal<\/title>\n<meta name=\"robots\" content=\"index, follow, max-snippet:-1, max-image-preview:large, max-video-preview:-1\" \/>\n<link rel=\"canonical\" href=\"https:\/\/mecal.net\/es\/products\/maquinas-de-crimpado\/p120\/\" \/>\n<meta property=\"og:locale\" content=\"es_ES\" \/>\n<meta property=\"og:type\" content=\"article\" \/>\n<meta property=\"og:title\" content=\"P120 - Mecal\" \/>\n<meta property=\"og:description\" content=\"[vc_column_text css=&quot;&quot;]\" \/>\n<meta property=\"og:url\" content=\"https:\/\/mecal.net\/es\/products\/maquinas-de-crimpado\/p120\/\" \/>\n<meta property=\"og:site_name\" content=\"Mecal\" \/>\n<meta property=\"article:modified_time\" content=\"2026-05-13T08:33:22+00:00\" \/>\n<meta property=\"og:image\" content=\"https:\/\/mecal.net\/wp-content\/uploads\/2025\/12\/P120-00-2.jpg\" \/>\n\t<meta property=\"og:image:width\" content=\"1200\" \/>\n\t<meta property=\"og:image:height\" content=\"1200\" \/>\n\t<meta property=\"og:image:type\" content=\"image\/jpeg\" \/>\n<meta name=\"twitter:card\" content=\"summary_large_image\" \/>\n<meta name=\"twitter:label1\" content=\"Tiempo de lectura\" \/>\n\t<meta name=\"twitter:data1\" content=\"1 minuto\" \/>\n<script type=\"application\/ld+json\" class=\"yoast-schema-graph\">{\"@context\":\"https:\/\/schema.org\",\"@graph\":[{\"@type\":\"WebPage\",\"@id\":\"https:\/\/mecal.net\/es\/products\/maquinas-de-crimpado\/p120\/\",\"url\":\"https:\/\/mecal.net\/es\/products\/maquinas-de-crimpado\/p120\/\",\"name\":\"P120 - Mecal\",\"isPartOf\":{\"@id\":\"https:\/\/mecal.net\/es\/#website\"},\"primaryImageOfPage\":{\"@id\":\"https:\/\/mecal.net\/es\/products\/maquinas-de-crimpado\/p120\/#primaryimage\"},\"image\":{\"@id\":\"https:\/\/mecal.net\/es\/products\/maquinas-de-crimpado\/p120\/#primaryimage\"},\"thumbnailUrl\":\"https:\/\/mecal.net\/wp-content\/uploads\/2025\/12\/P120-00-2.jpg\",\"datePublished\":\"2025-12-25T18:23:58+00:00\",\"dateModified\":\"2026-05-13T08:33:22+00:00\",\"breadcrumb\":{\"@id\":\"https:\/\/mecal.net\/es\/products\/maquinas-de-crimpado\/p120\/#breadcrumb\"},\"inLanguage\":\"es\",\"potentialAction\":[{\"@type\":\"ReadAction\",\"target\":[\"https:\/\/mecal.net\/es\/products\/maquinas-de-crimpado\/p120\/\"]}]},{\"@type\":\"ImageObject\",\"inLanguage\":\"es\",\"@id\":\"https:\/\/mecal.net\/es\/products\/maquinas-de-crimpado\/p120\/#primaryimage\",\"url\":\"https:\/\/mecal.net\/wp-content\/uploads\/2025\/12\/P120-00-2.jpg\",\"contentUrl\":\"https:\/\/mecal.net\/wp-content\/uploads\/2025\/12\/P120-00-2.jpg\",\"width\":1200,\"height\":1200,\"caption\":\"P120 Protector abatible\"},{\"@type\":\"BreadcrumbList\",\"@id\":\"https:\/\/mecal.net\/es\/products\/maquinas-de-crimpado\/p120\/#breadcrumb\",\"itemListElement\":[{\"@type\":\"ListItem\",\"position\":1,\"name\":\"Home\",\"item\":\"https:\/\/mecal.net\/es\/\"},{\"@type\":\"ListItem\",\"position\":2,\"name\":\"Productos\",\"item\":\"https:\/\/mecal.net\/es\/productos\/\"},{\"@type\":\"ListItem\",\"position\":3,\"name\":\"M\u00e1quinas de crimpado\",\"item\":\"https:\/\/mecal.net\/es\/products\/maquinas-de-crimpado\/\"},{\"@type\":\"ListItem\",\"position\":4,\"name\":\"P120\"}]},{\"@type\":\"WebSite\",\"@id\":\"https:\/\/mecal.net\/es\/#website\",\"url\":\"https:\/\/mecal.net\/es\/\",\"name\":\"Mecal\",\"description\":\"\",\"potentialAction\":[{\"@type\":\"SearchAction\",\"target\":{\"@type\":\"EntryPoint\",\"urlTemplate\":\"https:\/\/mecal.net\/es\/?s={search_term_string}\"},\"query-input\":{\"@type\":\"PropertyValueSpecification\",\"valueRequired\":true,\"valueName\":\"search_term_string\"}}],\"inLanguage\":\"es\"}]}<\/script>\n<!-- \/ Yoast SEO plugin. -->","yoast_head_json":{"title":"P120 - Mecal","robots":{"index":"index","follow":"follow","max-snippet":"max-snippet:-1","max-image-preview":"max-image-preview:large","max-video-preview":"max-video-preview:-1"},"canonical":"https:\/\/mecal.net\/es\/products\/maquinas-de-crimpado\/p120\/","og_locale":"es_ES","og_type":"article","og_title":"P120 - Mecal","og_description":"[vc_column_text css=\"\"]","og_url":"https:\/\/mecal.net\/es\/products\/maquinas-de-crimpado\/p120\/","og_site_name":"Mecal","article_modified_time":"2026-05-13T08:33:22+00:00","og_image":[{"width":1200,"height":1200,"url":"https:\/\/mecal.net\/wp-content\/uploads\/2025\/12\/P120-00-2.jpg","type":"image\/jpeg"}],"twitter_card":"summary_large_image","twitter_misc":{"Tiempo de lectura":"1 minuto"},"schema":{"@context":"https:\/\/schema.org","@graph":[{"@type":"WebPage","@id":"https:\/\/mecal.net\/es\/products\/maquinas-de-crimpado\/p120\/","url":"https:\/\/mecal.net\/es\/products\/maquinas-de-crimpado\/p120\/","name":"P120 - Mecal","isPartOf":{"@id":"https:\/\/mecal.net\/es\/#website"},"primaryImageOfPage":{"@id":"https:\/\/mecal.net\/es\/products\/maquinas-de-crimpado\/p120\/#primaryimage"},"image":{"@id":"https:\/\/mecal.net\/es\/products\/maquinas-de-crimpado\/p120\/#primaryimage"},"thumbnailUrl":"https:\/\/mecal.net\/wp-content\/uploads\/2025\/12\/P120-00-2.jpg","datePublished":"2025-12-25T18:23:58+00:00","dateModified":"2026-05-13T08:33:22+00:00","breadcrumb":{"@id":"https:\/\/mecal.net\/es\/products\/maquinas-de-crimpado\/p120\/#breadcrumb"},"inLanguage":"es","potentialAction":[{"@type":"ReadAction","target":["https:\/\/mecal.net\/es\/products\/maquinas-de-crimpado\/p120\/"]}]},{"@type":"ImageObject","inLanguage":"es","@id":"https:\/\/mecal.net\/es\/products\/maquinas-de-crimpado\/p120\/#primaryimage","url":"https:\/\/mecal.net\/wp-content\/uploads\/2025\/12\/P120-00-2.jpg","contentUrl":"https:\/\/mecal.net\/wp-content\/uploads\/2025\/12\/P120-00-2.jpg","width":1200,"height":1200,"caption":"P120 Protector abatible"},{"@type":"BreadcrumbList","@id":"https:\/\/mecal.net\/es\/products\/maquinas-de-crimpado\/p120\/#breadcrumb","itemListElement":[{"@type":"ListItem","position":1,"name":"Home","item":"https:\/\/mecal.net\/es\/"},{"@type":"ListItem","position":2,"name":"Productos","item":"https:\/\/mecal.net\/es\/productos\/"},{"@type":"ListItem","position":3,"name":"M\u00e1quinas de crimpado","item":"https:\/\/mecal.net\/es\/products\/maquinas-de-crimpado\/"},{"@type":"ListItem","position":4,"name":"P120"}]},{"@type":"WebSite","@id":"https:\/\/mecal.net\/es\/#website","url":"https:\/\/mecal.net\/es\/","name":"Mecal","description":"","potentialAction":[{"@type":"SearchAction","target":{"@type":"EntryPoint","urlTemplate":"https:\/\/mecal.net\/es\/?s={search_term_string}"},"query-input":{"@type":"PropertyValueSpecification","valueRequired":true,"valueName":"search_term_string"}}],"inLanguage":"es"}]}},"_links":{"self":[{"href":"https:\/\/mecal.net\/es\/wp-json\/wp\/v2\/product\/10908","targetHints":{"allow":["GET"]}}],"collection":[{"href":"https:\/\/mecal.net\/es\/wp-json\/wp\/v2\/product"}],"about":[{"href":"https:\/\/mecal.net\/es\/wp-json\/wp\/v2\/types\/product"}],"wp:featuredmedia":[{"embeddable":true,"href":"https:\/\/mecal.net\/es\/wp-json\/wp\/v2\/media\/11182"}],"wp:attachment":[{"href":"https:\/\/mecal.net\/es\/wp-json\/wp\/v2\/media?parent=10908"}],"wp:term":[{"taxonomy":"product_brand","embeddable":true,"href":"https:\/\/mecal.net\/es\/wp-json\/wp\/v2\/product_brand?post=10908"},{"taxonomy":"product_cat","embeddable":true,"href":"https:\/\/mecal.net\/es\/wp-json\/wp\/v2\/product_cat?post=10908"},{"taxonomy":"product_tag","embeddable":true,"href":"https:\/\/mecal.net\/es\/wp-json\/wp\/v2\/product_tag?post=10908"}],"curies":[{"name":"wp","href":"https:\/\/api.w.org\/{rel}","templated":true}]}}